{"id":234,"date":"2018-10-12T22:49:44","date_gmt":"2018-10-12T20:49:44","guid":{"rendered":"http:\/\/fischerfreunde-hg.de\/wordpress\/?page_id=234"},"modified":"2025-02-02T15:12:25","modified_gmt":"2025-02-02T14:12:25","slug":"mitgliedschaft","status":"publish","type":"page","link":"https:\/\/fischerfreunde-hg.de\/wordpress\/verein\/mitgliedschaft\/","title":{"rendered":"Mitgliedschaft"},"content":{"rendered":"<div class=\"wpb-content-wrapper\">[vc_row][vc_column][mk_table style=&#8220;style2&#8243;]\n<table width=\"100%\">\n<thead>\n<tr>\n<th>Mitgliedschaft<\/th>\n<th>Grundbeitrag<\/th>\n<th>Jahreskarte<\/th>\n<th>Gesamtbeitrag<\/th>\n<th>Tageskarte<\/th>\n<\/tr>\n<\/thead>\n<tbody>\n<tr>\n<td style=\"text-align: center;\"><strong>Senioren aktiv<\/strong><\/td>\n<td style=\"text-align: center;\">35 \u20ac<\/td>\n<td style=\"text-align: center;\">185 \u20ac<\/td>\n<td style=\"text-align: center;\"><strong>220 \u20ac<\/strong><\/td>\n<td style=\"text-align: center;\">20 \u20ac<\/td>\n<\/tr>\n<tr>\n<td style=\"text-align: center;\"><strong>Senioren passiv<\/strong><\/td>\n<td style=\"text-align: center;\">35 \u20ac<\/td>\n<td style=\"text-align: center;\">&#8212;<\/td>\n<td style=\"text-align: center;\"><strong>35 \u20ac<\/strong><\/td>\n<td style=\"text-align: center;\">20 \u20ac<\/td>\n<\/tr>\n<tr>\n<td style=\"text-align: center;\"><strong>Jugend aktiv<\/strong><\/td>\n<td style=\"text-align: center;\">20 \u20ac<\/td>\n<td style=\"text-align: center;\">60 \u20ac<\/td>\n<td style=\"text-align: center;\"><strong>80 \u20ac<\/strong><\/td>\n<td style=\"text-align: center;\">5 \u20ac<\/td>\n<\/tr>\n<tr>\n<td style=\"text-align: center;\"><strong>Jugend passiv<\/strong><\/td>\n<td style=\"text-align: center;\">20 \u20ac<\/td>\n<td style=\"text-align: center;\">&#8212;<\/td>\n<td style=\"text-align: center;\"><strong>20 \u20ac<\/strong><\/td>\n<td style=\"text-align: center;\">5 \u20ac<\/td>\n<\/tr>\n<\/tbody>\n<\/table>\n[\/mk_table][vc_column_text css=&#8220;.vc_custom_1674853046688{margin-bottom: 0px !important;}&#8220;]Aufnahmegeb\u00fchr Erwachsene: 250 \u20ac<\/p>\n<p>Bei Jugendlichen wird keine Aufnahmegeb\u00fchr erhoben.<\/p>\n<p>Aktive Mitglieder zwischen 18 und 65 Jahren m\u00fcssen 12 Stunden Arbeitsdienst pro Jahr leisten. Bei Nichterf\u00fcllung werden 10 \u20ac pro nicht geleistete Stunde am Jahresende eingezogen. Die Teilnahme beim allj\u00e4hrlichen Fischerfest ist Ehrensache f\u00fcr jedes Mitglied und z\u00e4hlt nicht als Arbeitseinsatz.<\/p>\n<p>Weitere Informationen sind den Mitgliedsantr\u00e4gen und der Satzung zu entnehmen.[\/vc_column_text][\/vc_column][\/vc_row][vc_row][vc_column width=&#8220;1\/2&#8243;][vc_btn title=&#8220;Mitgliedsantrag Erwachsene&#8220; color=&#8220;primary&#8220; link=&#8220;url:http%3A%2F%2Ffischerfreunde-hg.de%2Fuploads%2FPDF%2FAufnahmeantrag-Erwachsen.pdf||target:%20_blank|&#8220;][\/vc_column][vc_column width=&#8220;1\/2&#8243;][vc_btn title=&#8220;Mitgliedsantrag Jugend&#8220; color=&#8220;success&#8220; link=&#8220;url:http%3A%2F%2Ffischerfreunde-hg.de%2Fuploads%2FPDF%2FAufnahmeantrag-Jugend.pdf||target:%20_blank|&#8220;][\/vc_column][\/vc_row]\n<\/div>","protected":false},"excerpt":{"rendered":"<p>[vc_row][vc_column][mk_table style=&#8220;style2&#8243;] Mitgliedschaft Grundbeitrag Jahreskarte Gesamtbeitrag Tageskarte Senioren aktiv 35 \u20ac 185 \u20ac 220 \u20ac 20 \u20ac Senioren passiv 35 \u20ac &#8212; 35 \u20ac 20 \u20ac Jugend aktiv 20 \u20ac 60 \u20ac 80 \u20ac 5 \u20ac Jugend passiv 20 \u20ac &#8212; 20 \u20ac 5 \u20ac [\/mk_table][vc_column_text css=&#8220;.vc_custom_1674853046688{margin-bottom: 0px !important;}&#8220;]Aufnahmegeb\u00fchr Erwachsene: 250 \u20ac Bei Jugendlichen wird [&hellip;]<\/p>\n","protected":false},"author":1,"featured_media":0,"parent":200,"menu_order":3,"comment_status":"closed","ping_status":"closed","template":"","meta":{"footnotes":""},"class_list":["post-234","page","type-page","status-publish","hentry"],"_links":{"self":[{"href":"https:\/\/fischerfreunde-hg.de\/wordpress\/wp-json\/wp\/v2\/pages\/234","targetHints":{"allow":["GET"]}}],"collection":[{"href":"https:\/\/fischerfreunde-hg.de\/wordpress\/wp-json\/wp\/v2\/pages"}],"about":[{"href":"https:\/\/fischerfreunde-hg.de\/wordpress\/wp-json\/wp\/v2\/types\/page"}],"author":[{"embeddable":true,"href":"https:\/\/fischerfreunde-hg.de\/wordpress\/wp-json\/wp\/v2\/users\/1"}],"replies":[{"embeddable":true,"href":"https:\/\/fischerfreunde-hg.de\/wordpress\/wp-json\/wp\/v2\/comments?post=234"}],"version-history":[{"count":14,"href":"https:\/\/fischerfreunde-hg.de\/wordpress\/wp-json\/wp\/v2\/pages\/234\/revisions"}],"predecessor-version":[{"id":755,"href":"https:\/\/fischerfreunde-hg.de\/wordpress\/wp-json\/wp\/v2\/pages\/234\/revisions\/755"}],"up":[{"embeddable":true,"href":"https:\/\/fischerfreunde-hg.de\/wordpress\/wp-json\/wp\/v2\/pages\/200"}],"wp:attachment":[{"href":"https:\/\/fischerfreunde-hg.de\/wordpress\/wp-json\/wp\/v2\/media?parent=234"}],"curies":[{"name":"wp","href":"https:\/\/api.w.org\/{rel}","templated":true}]}}