{"id":252,"date":"2018-10-17T21:36:25","date_gmt":"2018-10-17T19:36:25","guid":{"rendered":"http:\/\/fischerfreunde-hg.de\/wordpress\/?page_id=252"},"modified":"2018-12-03T22:36:03","modified_gmt":"2018-12-03T21:36:03","slug":"datenschutz","status":"publish","type":"page","link":"https:\/\/fischerfreunde-hg.de\/wordpress\/informationen\/datenschutz\/","title":{"rendered":"Datenschutz"},"content":{"rendered":"<p><strong>1.\u00a0\u00a0\u00a0 Datenschutz-Beauftragter<\/strong><br \/>\nMathias B\u00fcttner<\/p>\n<p><strong>2.\u00a0\u00a0\u00a0 Leitung der Datenverarbeitung<\/strong><br \/>\nRobert Heilmair<\/p>\n<p><strong>3.\u00a0\u00a0\u00a0 Zweckbestimmung der Datenerhebung, -verarbeitung oder \u2013nutzung<\/strong><br \/>\nEine \u00dcbermittlung von personenbezogenen Daten erfolgt ausschlie\u00dflich zum Zweck der Kontaktaufnahme mit Vereinsfunktion\u00e4ren sowie der Verwaltung von Vereinsmitgliedschaften.<\/p>\n<p><strong>4.\u00a0\u00a0\u00a0 Beschreibung der betroffenen Personengruppen und der diesbez\u00fcglichen Daten oder Datenkategorien<\/strong><br \/>\nFolgende Datenkategorien werden, soweit diese zur Erf\u00fcllung der in Punkt 2 genannten Zwecke erforderlich sind, erhoben, verarbeitet oder genutzt:<\/p>\n<ul>\n<li>Mitgliedsdaten<\/li>\n<li>Daten von Funktion\u00e4ren<\/li>\n<\/ul>\n<p><strong>5.\u00a0\u00a0\u00a0 Empf\u00e4nger oder Kategorien von Empf\u00e4ngern, denen die Daten mitgeteilt werden k\u00f6nnen<\/strong><br \/>\nPersonenbezogene Daten werden ausschlie\u00dflich vom Vereinsvorstand erhoben, verarbeitet oder genutzt, soweit diese zur Erf\u00fcllung der in Punkt 2 genannte Zwecken erforderlich sind.<\/p>\n<p><strong>6.\u00a0\u00a0\u00a0 Regelfristen f\u00fcr die L\u00f6schung der Daten<\/strong><br \/>\nDer Gesetzgeber hat vielf\u00e4ltige Aufbewahrungspflichten und -fristen erlassen. Nach Ablauf dieser Fristen werden die entsprechenden Daten routinem\u00e4\u00dfig gel\u00f6scht, wenn sie nicht mehr zur Vertragserf\u00fcllung erforderlich sind. Sofern Daten hiervon nicht ber\u00fchrt sind, werden sie gel\u00f6scht, wenn die unter 2 genannten Zwecke wegfallen.<\/p>\n<p><strong>7.\u00a0\u00a0\u00a0 Hosting und Administration f\u00fcr diese Website<\/strong><br \/>\nDie von uns bei Strato AG beauftragten Hosting-Leistungen dienen der Zurverf\u00fcgungstellung der folgenden Leistungen: Infrastruktur- und Plattformdienstleistungen, Rechenkapazit\u00e4t, Speicherplatz und Datenbankdienste, Sicherheitsleistungen sowie technische Wartungsleistungen, die wir zum Zwecke des Betriebs dieses Onlineangebotes einsetzen. Unser Hosting-Anbieter Strato AG speichert au\u00dferdem Server-Logfiles mit dem Namen der abgerufenen Webseite, Datei, Datum und Uhrzeit des Abrufs, \u00fcbertragene Datenmenge, Meldung \u00fcber erfolgreichen Abruf, Browsertyp nebst Version, das Betriebssystem des Nutzers, Referrer URL (die zuvor besuchte Seite), IP-Adresse und der anfragende Provider. Zur Aufkl\u00e4rung von Missbrauchsf\u00e4llen werden diese Logfies sicherheitshalber f\u00fcr 7 Tage gespeichert. Daten, die zur Beweisf\u00fchrung ben\u00f6tigt werden, sind von dieser L\u00f6schung ausgenommen.<\/p>\n<p>Unser Hostinganbieter verarbeitet im Auftrag der Fischerfreunde Hallbergmoos Goldach e.V. Kontaktdaten, Nutzungsdaten, Meta- und Kommunikationsdaten von Interessenten und Besuchern dieses Onlineangebotes auf Grundlage unserer berechtigten Interessen an einer effizienten und sicheren Zurverf\u00fcgungstellung dieses Onlineangebotes gem. Art. 6 Abs. 1 lit. f DSGVO i.V.m. Art. 28 DSGVO.<\/p>\n<p><strong>8.\u00a0\u00a0\u00a0 Geplante Daten\u00fcbermittlung an Drittstaaten<\/strong><br \/>\nEine \u00dcbermittlung au\u00dferhalb der EU erfolgt nicht.<\/p>\n<p><strong>9.\u00a0\u00a0\u00a0 Allgemeine Beschreibung \u00fcber Ma\u00dfnahmen zur Gew\u00e4hrleistung der Datensicherheit<\/strong><br \/>\nFischerfreunde Hallbergmoos Goldach e.V. hat technische und organisatorische Ma\u00dfnahmen getroffen, um die Sicherheit von personenbezogenen Daten zu gew\u00e4hrleisten. Beispielsweise setzt der Verein im Internet ausschlie\u00dflich gesicherte Verbindungen, Verschl\u00fcsselung f\u00fcr elektronisch weitergeleitete Daten und Tunnelverbindung (VPN), Beschr\u00e4nkung der Nutzung von Ports (durch Firewall) zur \u00dcbertragung von personenbezogenen Daten ein.<\/p>\n<hr \/>\n<p><strong>Datenschutzerkl\u00e4rung<\/strong><br \/>\nWir freuen uns, dass Sie unsere Webseiten besuchen und bedanken uns f\u00fcr Ihr Interesse an den Fischerfreunde Hallbergmoos Goldach. Der Schutz Ihrer Privatsph\u00e4re bei der Nutzung unserer Webseiten ist uns ein wichtiges Anliegen. Deshalb erhalten Sie als Nutzer unserer Internetseite in dieser Datenschutzerkl\u00e4rung alle notwendigen Informationen dar\u00fcber, wie, in welchem Umfang sowie zu\u00a0welchem Zweck wir oder Drittanbieter Daten von Ihnen erheben und diese verwenden. Die Erhebung und Nutzung Ihrer Daten erfolgt streng nach den Vorgaben des europ\u00e4ischen Standards, des Bundesdatenschutzgesetzes (BDSG) und des Telemediengesetzes (TMG).<br \/>\nWir f\u00fchlen uns der Vertraulichkeit Ihrer personenbezogenen Daten besonders verpflichtet und arbeiten deshalb streng innerhalb der Grenzen, die die gesetzlichen Vorgaben uns setzen. Die Erhebung dieser personenbezogenen Daten erfolgt auf freiwilliger Basis, wenn uns das m\u00f6glich ist. Auch geben wir diese Daten nur mit Ihrer ausdr\u00fccklichen Zustimmung an Dritte weiter. Wir sorgen durch Einsatz einer SSL-Verschl\u00fcsselung auf der gesamten Website f\u00fcr hohe Sicherheit. Wir m\u00f6chten es aber an dieser Stelle dennoch nicht vers\u00e4umen, auf die allgemeinen Gefahren der Internetnutzung hinzuweisen, auf die wir keinen Einfluss haben. Besonders im E-Mail-Verkehr sind Ihre Daten ohne weitere Vorkehrungen nicht sicher und k\u00f6nnen unter Umst\u00e4nden von Dritten erfasst werden.<\/p>\n<p>&nbsp;<\/p>\n<p><strong>a)\u00a0 Anwendungsbereich<\/strong><br \/>\nDiese Datenschutzerkl\u00e4rung gilt f\u00fcr die Nutzung der angebotenen Webseiten unter der Adresse<\/p>\n<p>http:\/\/fischerfreunde-hg.de\/<\/p>\n<p>Diese Datenschutzerkl\u00e4rung gilt nicht f\u00fcr die Webseiten anderer Diensteanbieter, auf die der\u00a0Fischerfreunde Hallbergmoos Goldach e.V. durch einen Link lediglich verweist.<\/p>\n<p>Diese Datenschutzerkl\u00e4rung behandelt folgende Themen:<\/p>\n<p>Personenbezogene Daten<br \/>\nSicherheitsma\u00dfnamen<br \/>\nCookies<br \/>\nExterne Dienste<br \/>\nWiderspruch Werbe-E-Mails<br \/>\nAuskunftsrecht<br \/>\n<strong>b)\u00a0 Personenbezogenen Daten<\/strong><br \/>\nPersonenbezogenen Daten sind Einzelangaben \u00fcber pers\u00f6nliche oder sachliche Verh\u00e4ltnisse einer bestimmten oder bestimmbaren nat\u00fcrlichen Person. So sind beispielsweise Ihr Name, Ihre Anschrift, Ihre Konto-, Ausweis- oder Telefonnummer, Ihr Kfz-Kennzeichen, Ihre E-Mail-Adresse oder IP-Nummer personenbezogene Daten. Nicht personenbezogen sind hingegen solche Daten, mit denen die Ermittlung Ihrer tats\u00e4chlichen Identit\u00e4t unm\u00f6glich ist. Hierzu geh\u00f6ren beispielsweise Informationen dar\u00fcber, welchen Geschlechts Sie sind, welchen Browser Sie verwenden oder welche Automarke Sie bevorzugen.<\/p>\n<p>&nbsp;<\/p>\n<p><strong>c)\u00a0 Anonymit\u00e4t<\/strong><br \/>\nBei der Nutzung der Webseiten des Fischerfreunde Hallbergmoos Goldach e.V. bleiben Sie anonym, solange Sie uns nicht von sich aus freiwillig personenbezogene Daten zur Verf\u00fcgung stellen.<\/p>\n<p>&nbsp;<\/p>\n<p><strong>d)\u00a0 Sonstige Erhebung, Verarbeitung oder Nutzung personenbezogener Daten<\/strong><\/p>\n<p>Personenbezogene Daten erheben wir im Rahmen von Datenvermeidung und Datensparsamkeit nur in dem Ausma\u00df und so lange, wie es zur Nutzung unserer Webseite notwendig ist, beziehungsweise vom Gesetzgeber vorgeschrieben wird. Wir nehmen den Schutz Ihrer pers\u00f6nlichen Daten ernst und halten uns bei Erhebung und Verarbeitung personenbezogener Daten streng an die entsprechenden gesetzlichen Vorschriften und an diese Datenschutzerkl\u00e4rung. F\u00e4llt der Zweck der Datenerhebung weg oder ist das Ende der gesetzlichen Speicherfrist erreicht, werden die erhobenen Daten gesperrt oder gel\u00f6scht.<\/p>\n<p><strong>e)\u00a0 Zweck der Erhebung, Verarbeitung oder Nutzung personenbezogener Daten<\/strong><br \/>\nDie von Ihnen zur Verf\u00fcgung gestellten personenbezogenen Daten verwenden wir ausschlie\u00dflich zu den mitgeteilten bzw. vereinbarten Zwecken.<\/p>\n<p><strong>f)\u00a0 Verwendung personenbezogener Daten<\/strong><br \/>\nF\u00fcr Ihre Anfragen und Antr\u00e4ge ben\u00f6tigen wir zur ordnungsgem\u00e4\u00dfen Abwicklung Ihre pers\u00f6nlichen Daten. Auf diese Datenerhebung werden Sie ausdr\u00fccklich hingewiesen. Diese Pflichtdaten, deren Umfang Sie dem Kontaktformular entnehmen k\u00f6nnen, werden ausschlie\u00dflich zur Ausgestaltung der Vereinsarbeit ben\u00f6tigt und verarbeitet. Die Angabe von als freiwillig gekennzeichneten Daten ist f\u00fcr die Registrierung nicht n\u00f6tig.<\/p>\n<p><strong>g)\u00a0\u00a0 Weitergabe, Verkauf oder \u00dcbermittlung von personenbezogenen Daten an Dritte<\/strong><br \/>\nEine Weitergabe, Verkauf oder sonstige \u00dcbermittlung Ihrer personenbezogenen Daten an Dritte erfolgt nicht, es sei denn, dass dies zur Abwicklung der mitgeteilten bzw. vereinbarten Zwecke erforderlich ist oder Sie ausdr\u00fccklich eingewilligt haben.<\/p>\n<p><strong>h)\u00a0 Widerruf der Einwilligung<\/strong><br \/>\nSie haben jederzeit die M\u00f6glichkeit, dem mit der Einwilligung vereinbarten Verwendungszweck Ihrer personenbezogenen Daten f\u00fcr die Zukunft zu widersprechen. Wenden Sie sich dazu bitte an den Vorstand des Fischerfreunde Hallbergmoos Goldach e.V.<\/p>\n<p><strong>i)\u00a0 Sicherheitsma\u00dfnahmen<\/strong><br \/>\nDer Fischerfreunde Hallbergmoos Goldach e.V. trifft die technischen und organisatorischen Sicherheitsma\u00dfnahmen, um Ihre personenbezogenen Daten vor Verlust und Missbrauch zu sch\u00fctzen. So werden Ihre Daten in einer sicheren Betriebsumgebung gespeichert, die der \u00d6ffentlichkeit nicht zug\u00e4nglich ist. Ihre personenbezogenen Daten werden bei der \u00dcbermittlung durch die sog. Secure Socket Layer-Technologie (SSL) verschl\u00fcsselt. Das bedeutet, dass die Kommunikation zwischen Ihrem Computer und den Servern des Fischerfreunde Hallbergmoos Goldach e.V. unter Einsatz eines anerkannten Verschl\u00fcsselungsverfahrens erfolgt, das in der jeweils aktuellen Version als sicher gilt. Wenn Ihr Browser SSL unterst\u00fctzt, wird die \u00dcbermittlung von personenbezogenen Daten durch diese Funktion gesch\u00fctzt. In diesem Fall zeigen Ihnen die meisten Browser durch ein kurzes Dialogfeld oder durch ein Icon an, ob das Sicherheitsprotokoll unterst\u00fctzt wird. Weitere Informationen k\u00f6nnen Sie unter der Hilfefunktion Ihres Browsers finden. Sollten Sie mit dem Fischerfreunde Hallbergmoos Goldach e.V. per E-Mail in Kontakt treten wollen, weisen wir darauf hin, dass die Vertraulichkeit der \u00fcbermittelten Informationen nicht gew\u00e4hrleistet ist. Der Inhalt von E-Mails kann &#8211; \u00e4hnlich wie bei Postkarten &#8211; von Dritten eingesehen werden. Wir empfehlen Ihnen daher, uns vertrauliche Informationen ausschlie\u00dflich \u00fcber den Postweg zukommen zu lassen.<\/p>\n<p><strong>j)\u00a0\u00a0\u00a0 Cookies<\/strong><br \/>\nAuf den Webseiten des Fischerfreunde Hallbergmoos Goldach e.V. verwenden wir sog. Session-Cookies, die Daten zur technischen Sitzungssteuerung im Speicher Ihres Browsers ablegen. Diese Daten sind nicht personenbezogen und werden sp\u00e4testens mit dem Schlie\u00dfen Ihres Browsers gel\u00f6scht.<br \/>\nCookies sind kleine Textdateien, die von unserem Server an Ihren Browser geschickt und tempor\u00e4r auf Ihrer Festplatte gespeichert werden. Die Cookies auf dieser Webseite enthalten keine Informationen \u00fcber Sie, sondern weisen Ihnen beim Surfen eine Kennzahl (Session-ID) zu.<br \/>\nDiese Kennzahlen helfen uns, die Anzahl der Nutzer und die Nutzungsh\u00e4ufigkeit zu ermitteln und damit den Nutzungskomfort unserer Website zu verbessern. Sie k\u00f6nnen nat\u00fcrlich jederzeit alle Cookies von Ihrer Festplatte l\u00f6schen. Au\u00dferdem k\u00f6nnen Sie Ihren Browser so einstellen, dass Sie benachrichtigt werden, wenn Cookies gesendet werden oder aber das Speichern von Cookies deaktivieren. Wir empfehlen jedoch, die Cookies dauerhaft auf dieser Webseite zu aktivieren, da ohne die Akzeptanz von Cookies die Nutzung der Website und der angebotenen Dienste nur eingeschr\u00e4nkt m\u00f6glich ist.<\/p>\n<p>Die Verwendung von Cookies mit l\u00e4ngeren Speicherdauern, sogenannte permanente Cookies, vermeiden wir.<\/p>\n<p><strong>k)\u00a0\u00a0\u00a0 Verhinderung des Ablegens von Cookies<\/strong><br \/>\nWenngleich Cookies nur dann datenschutzrechtlich relevant sind, wenn in ihnen personenbezogene Daten gespeichert werden, stehen nicht wenige Internet-Nutzer diesen kleinen Datenpaketen grunds\u00e4tzlich skeptisch gegen\u00fcber. Wir m\u00f6chten Sie daher darauf hinweisen, dass Sie sich auch selbst gegen das Ablegen von Cookies auf Ihrem Computer sch\u00fctzen bzw. die Inhalte von Cookies einsehen k\u00f6nnen. Aktuelle Browser stellen Ihnen hierzu verschiedene Funktionen zur Verf\u00fcgung, \u00fcber die Sie sich in der Hilfe Ihres Browsers n\u00e4her informieren k\u00f6nnen. Stellen Sie beispielsweise Ihren Internet-Browser einfach so ein, dass er alle Cookies automatisch blockiert oder Sie warnt, bevor ein Cookie gespeichert wird. Sie k\u00f6nnen der Datenerhebung und -speicherung zum Zwecke der Webanalyse unter folgendem Link jederzeit mit Wirkung f\u00fcr die Zukunft widersprechen:meine-cookies.org\/cookies_verwalten\/praeferenzmanager-beta.html\u00a0.<br \/>\nWir weisen allerdings darauf hin, dass damit unter Umst\u00e4nden eine funktionale Einschr\u00e4nkung in der Nutzung der Webseiten des Fischerfreunde Hallbergmoos Goldach e.V. sowie von Webseiten anderer Diensteanbieter verbunden sein kann.<\/p>\n<p><strong>l)\u00a0 Externe Dienste<\/strong><br \/>\nGoogle Analytics<\/p>\n<p>Diese Website benutzt Google Analytics, einen Webanalysedienst der Google Inc. (\u201eGoogle\u201c). Die Benutzung erfolgt auf der Grundlage des Art. 6 Abs. 1 S. 1 lit. f. DSGVO. Google Analytics verwendet sog. \u201eCookies\u201c, Textdateien, die auf Ihrem Computer gespeichert werden und die eine Analyse der Benutzung der Webseite durch Sie erm\u00f6glichen. Die durch den Cookie erzeugten Informationen \u00fcber Ihre Benutzung der Webseite wie<br \/>\n\u2022 Browser-Typ\/-Version,<br \/>\n\u2022 verwendetes Betriebssystem,<br \/>\n\u2022 Referrer-URL (die zuvor besuchte Seite),<br \/>\n\u2022 Hostname des zugreifenden Rechners (IP-Adresse),<br \/>\n\u2022 Uhrzeit der Serveranfrage,<br \/>\nwerden in der Regel an einen Server von Google in den USA \u00fcbertragen und dort gespeichert. Die im Rahmen von Google Analytics von Ihrem Browser \u00fcbermittelte IP-Adresse wird nicht mit anderen Daten von Google zusammengef\u00fchrt. Wir haben zudem auf dieser Webseite Google Analytics um den Code \u201eanonymizeIP\u201c erweitert. Dies garantiert die Maskierung Ihrer IP-Adresse, sodass alle Daten anonym erhoben werden. Nur in Ausnahmef\u00e4llen wird die volle IP-Adresse an einen Server von Google in den USA \u00fcbertragen und dort gek\u00fcrzt.<br \/>\nIm Auftrag des Betreibers dieser Website wird Google diese Information benutzen, um Ihre Nutzung der Webseite auszuwerten, um Reports \u00fcber die Webseiten-Aktivit\u00e4ten zusammenzustellen und um weitere mit der Webseiten-Nutzung und der Internetnutzung verbundene Dienstleistungen gegen\u00fcber dem Webseitenbetreiber zu erbringen. Sie k\u00f6nnen die Speicherung der Cookies durch eine entsprechende Einstellung Ihrer Browser-Software verhindern; wir weisen Sie jedoch darauf hin, dass Sie in diesem Fall m\u00f6glicherweise nicht s\u00e4mtliche Funktionen dieser Webseite vollumf\u00e4nglich werden nutzen k\u00f6nnen.<br \/>\nSie k\u00f6nnen dar\u00fcber hinaus die Erfassung der durch das Cookie erzeugten und auf Ihre Nutzung der Webseite bezogenen Daten (inkl. Ihrer IP-Adresse) an Google sowie die Verarbeitung dieser Daten durch Google verhindern, indem sie das unter dem folgenden Link verf\u00fcgbare Browser-Plugin herunterladen und installieren: http:\/\/tools.google.com\/dlpage\/gaoptout?hl=de. Alternativ zum Browser-Add-On, insbesondere bei Browsern auf mobilen Endger\u00e4ten, k\u00f6nnen Sie die Erfassung durch Google Analytics zudem verhindern, indem Sie auf diesen Link klicken. Es wird ein Opt-Out-Cookie gesetzt, das die zuk\u00fcnftige Erfassung Ihrer Daten beim Besuch dieser Website verhindert. Der Opt-Out-Cookie gilt nur in diesem Browser und nur f\u00fcr unsere Website und wird auf Ihrem Ger\u00e4t abgelegt. L\u00f6schen Sie die Cookies in diesem Browser, m\u00fcssen Sie das Opt-Out-Cookie erneut setzen. [Anm. Hinweise zur Einbindung des Opt-Out-Cookie finden Sie unter folgendem Link.<br \/>\nWir nutzen Google Analytics weiterhin dazu, Daten aus Double-Click-Cookies und auch AdWords zu statistischen Zwecken auszuwerten. Sollten Sie dies nicht w\u00fcnschen, k\u00f6nnen Sie dies \u00fcber den Anzeigenvorgaben-Manager (http:\/\/www.google.com\/settings\/ads\/onweb\/?hl=de) deaktivieren.<br \/>\nWeitere Informationen zum Datenschutz im Zusammenhang mit Google Analytics finden Sie etwa in der Google Analytics-Hilfe unter folgendem Link.<\/p>\n<p>Google Maps<\/p>\n<p>Diese Seite nutzt \u00fcber eine API den Kartendienst Google Maps, um geographische Informationen visuell darzustellen. Anbieter ist die Google Inc., 1600 Amphitheatre Parkway, Mountain View, CA 94043, USA. Bei der Nutzung von Google Maps werden von Google auch Daten \u00fcber die Nutzung der Maps-Funktionen durch Besucher der Webseiten erhoben, verarbeitet und genutzt.<br \/>\nZur Nutzung der Funktionen von Google Maps ist es notwendig, Ihre IP Adresse zu speichern. Diese Informationen werden in der Regel an einen Server von Google in den USA \u00fcbertragen und dort gespeichert. Der Anbieter dieser Seite hat keinen Einfluss auf diese Daten\u00fcbertragung. Die Nutzung von Google Maps erfolgt im Interesse einer ansprechenden Darstellung unserer Online-Angebote und an einer leichten Auffindbarkeit der von uns auf den Renovabis-Webseiten angegebenen Orte. Dies stellt ein berechtigtes Interesse im Sinne von Art. 6 Abs. 1 lit. f DSGVO dar.<br \/>\nN\u00e4here Informationen \u00fcber die Datenverarbeitung durch Google k\u00f6nnen Sie den Datenschutzhinweisen von Google entnehmen: www.google.com\/privacypolicy.html. Dort k\u00f6nnen Sie im Datenschutzcenter auch Ihre Einstellungen ver\u00e4ndern, so dass Sie Ihre Daten verwalten und sch\u00fctzen k\u00f6nnen.<br \/>\nGoogle Web Fonts<\/p>\n<p>Diese Seite nutzt zur einheitlichen Darstellung von Schriftarten so genannte Web Fonts, die von Google bereitgestellt werden. Beim Aufruf einer Seite l\u00e4dt Ihr Browser die ben\u00f6tigten Web Fonts in ihren Browsercache, um Texte und Schriftarten korrekt anzuzeigen.<\/p>\n<p>Zu diesem Zweck muss der von Ihnen verwendete Browser Verbindung zu den Servern von Google aufnehmen. Hierdurch erlangt Google Kenntnis dar\u00fcber, dass \u00fcber Ihre IP-Adresse unsere Website aufgerufen wurde. Die Nutzung von Google Web Fonts erfolgt im Interesse einer einheitlichen und ansprechenden Darstellung unserer Online-Angebote. Dies stellt ein berechtigtes Interesse im Sinne von Art. 6 Abs. 1 lit. f DSGVO dar.<\/p>\n<p>Wenn Ihr Browser Web Fonts nicht unterst\u00fctzt, wird eine Standardschrift von Ihrem Computer genutzt.<\/p>\n<p>Weitere Informationen zu Google Web Fonts finden Sie unter\u00a0https:\/\/developers.google.com\/fonts\/faq\u00a0und in der Datenschutzerkl\u00e4rung von Google:\u00a0https:\/\/www.google.com\/policies\/privacy\/.<br \/>\n<strong>m)\u00a0\u00a0\u00a0 Widerspruch Werbe-E-Mails<\/strong><br \/>\nIm Rahmen der gesetzlichen Impressumspflicht m\u00fcssen wir unsere Kontaktdaten ver\u00f6ffentlichen. Diese werden von dritten Personen teilweise zur \u00dcbersendung nicht erw\u00fcnschter Werbung und Informationen genutzt. Wir widersprechen hiermit jeglicher von uns nicht ausdr\u00fccklich autorisierten \u00dcbersendung von Werbematerial aller Art. Wir behalten uns ferner ausdr\u00fccklich rechtliche Schritte gegen die unerw\u00fcnschte und unverlangte Zusendung von Werbematerial vor. Dies gilt insbesondere f\u00fcr sogenannte Spam-E-Mails, Spam-Briefe und Spam-Faxe. Wir weisen darauf hin, dass die unautorisierte \u00dcbermittlung von Werbematerial sowohl wettbewerbsrechtliche, zivilrechtliche und strafrechtliche Tatbest\u00e4nde ber\u00fchren kann. Speziell Spam-E-Mails und Spam-Faxe k\u00f6nnen zu hohen Schadensersatzforderungen f\u00fchren, wenn sie den Gesch\u00e4ftsbetrieb durch \u00dcberf\u00fcllung von Postf\u00e4chern oder Faxger\u00e4ten st\u00f6ren.<\/p>\n<p><strong>n)\u00a0\u00a0\u00a0Auskunftsrecht<\/strong><br \/>\nSie haben ein Recht auf unentgeltliche Auskunft \u00fcber Ihre gespeicherten Daten sowie ggf. ein Recht auf Berichtigung, Sperrung oder L\u00f6schung dieser Daten. Wenn Sie weitere Fragen zur Erhebung, Verarbeitung oder Nutzung Ihrer personenbezogenen Daten haben, wenden Sie sich bitte an den Vorstand des Fischerfreunde Hallbergmoos Goldach e.V. Gleiches gilt f\u00fcr Ausk\u00fcnfte, Sperrung, L\u00f6schungs- und Berichtigungsw\u00fcnsche hinsichtlich Ihrer personenbezogenen Daten sowie f\u00fcr Widerrufe erteilter Einwilligungen.<\/p>\n<p><strong>o)\u00a0 \u00c4nderung und L\u00f6schung personenbezogener Daten<\/strong><br \/>\nWenn Sie Ihre personenbezogenen Daten \u00e4ndern oder l\u00f6schen lassen wollen, wenden Sie sich bitte an den Vorstand des Fischerfreunde Hallbergmoos Goldach e.V. Grunds\u00e4tzlich werden Ihre personenbezogenen Daten von uns gel\u00f6scht, sobald derjenige Zweck erreicht ist, aufgrund dessen wir urspr\u00fcnglich Ihre Daten gespeichert haben. Wir m\u00f6chten jedoch darauf hinweisen, dass wir unter Umst\u00e4nden aufgrund gesetzlicher Aufbewahrungs- und Buchf\u00fchrungspflichten Ihre Daten noch nicht l\u00f6schen d\u00fcrfen. In diesem Fall haben Sie jedoch einen Anspruch auf Sperrung der Daten.<\/p>\n<p><strong>p)\u00a0 \u00c4nderung dieser Datenschutzerkl\u00e4rung<\/strong><br \/>\nDie schnelle technologische Entwicklung des Internets und die \u00c4nderungen von Recht und Gesetz im Bereich des Datenschutzes machen es erforderlich, dass wir unserer Datenschutzerkl\u00e4rung von Zeit zu Zeit den neuen Anforderungen anpassen.<\/p>\n<p>Bitte beachten Sie daher die jeweils aktuelle Datenschutzerkl\u00e4rung. Diese Datenschutzerkl\u00e4rung hat den Stand vom 01.06.2018.<\/p>\n<p>&nbsp;<\/p>\n<p><strong>q)\u00a0 Fragen und Anmerkungen<\/strong><br \/>\nHaben Sie Fragen und\/ oder Anmerkungen zu unserer Datenschutzerkl\u00e4rung? Bitte nehmen Sie Kontakt mit uns auf.<\/p>\n","protected":false},"excerpt":{"rendered":"<p>1.\u00a0\u00a0\u00a0 Datenschutz-Beauftragter Mathias B\u00fcttner 2.\u00a0\u00a0\u00a0 Leitung der Datenverarbeitung Robert Heilmair 3.\u00a0\u00a0\u00a0 Zweckbestimmung der Datenerhebung, -verarbeitung oder \u2013nutzung Eine \u00dcbermittlung von personenbezogenen Daten erfolgt ausschlie\u00dflich zum Zweck der Kontaktaufnahme mit Vereinsfunktion\u00e4ren sowie der Verwaltung von Vereinsmitgliedschaften. 4.\u00a0\u00a0\u00a0 Beschreibung der betroffenen Personengruppen und der diesbez\u00fcglichen Daten oder Datenkategorien Folgende Datenkategorien werden, soweit diese zur Erf\u00fcllung der in [&hellip;]<\/p>\n","protected":false},"author":3,"featured_media":0,"parent":247,"menu_order":2,"comment_status":"closed","ping_status":"closed","template":"","meta":{"footnotes":""},"class_list":["post-252","page","type-page","status-publish","hentry"],"_links":{"self":[{"href":"https:\/\/fischerfreunde-hg.de\/wordpress\/wp-json\/wp\/v2\/pages\/252","targetHints":{"allow":["GET"]}}],"collection":[{"href":"https:\/\/fischerfreunde-hg.de\/wordpress\/wp-json\/wp\/v2\/pages"}],"about":[{"href":"https:\/\/fischerfreunde-hg.de\/wordpress\/wp-json\/wp\/v2\/types\/page"}],"author":[{"embeddable":true,"href":"https:\/\/fischerfreunde-hg.de\/wordpress\/wp-json\/wp\/v2\/users\/3"}],"replies":[{"embeddable":true,"href":"https:\/\/fischerfreunde-hg.de\/wordpress\/wp-json\/wp\/v2\/comments?post=252"}],"version-history":[{"count":1,"href":"https:\/\/fischerfreunde-hg.de\/wordpress\/wp-json\/wp\/v2\/pages\/252\/revisions"}],"predecessor-version":[{"id":253,"href":"https:\/\/fischerfreunde-hg.de\/wordpress\/wp-json\/wp\/v2\/pages\/252\/revisions\/253"}],"up":[{"embeddable":true,"href":"https:\/\/fischerfreunde-hg.de\/wordpress\/wp-json\/wp\/v2\/pages\/247"}],"wp:attachment":[{"href":"https:\/\/fischerfreunde-hg.de\/wordpress\/wp-json\/wp\/v2\/media?parent=252"}],"curies":[{"name":"wp","href":"https:\/\/api.w.org\/{rel}","templated":true}]}}