{"id":264,"date":"2018-10-18T21:35:06","date_gmt":"2018-10-18T19:35:06","guid":{"rendered":"http:\/\/fischerfreunde-hg.de\/wordpress\/?page_id=264"},"modified":"2018-12-11T20:59:24","modified_gmt":"2018-12-11T19:59:24","slug":"links","status":"publish","type":"page","link":"https:\/\/fischerfreunde-hg.de\/wordpress\/sonstiges\/links\/","title":{"rendered":"Links"},"content":{"rendered":"<h3>N\u00fctzliches \/ Interessantes:<\/h3>\n<p><a href=\"http:\/\/www.zum-kramer.de\/\">Wirtshaus &#8222;Zum Kramer&#8220;<\/a><\/p>\n<p><a href=\"https:\/\/www.kf-getraenke.de\/\">K&amp;F Getr\u00e4nkefachhandel<\/a><\/p>\n<p><a href=\"https:\/\/www.metzgerei-leichtle.de\/\">Metzgerei Franz Leichtle<\/a><\/p>\n<p><a href=\"https:\/\/www.munich-airport.de\/de\/micro\/bsv\/fischen\/index.jsp\">Betriebssportverein Flughafen M\u00fcnchen &#8211; Sparte Fischen<\/a><\/p>\n<p><a href=\"http:\/\/www.lfvbayern.de\/\" target=\"_blank\" rel=\"noopener\">Landesfischereiverband Bayern e.V.<\/a><\/p>\n<p><a href=\"http:\/\/www.fischereiverband-oberbayern.de\/\" target=\"_blank\" rel=\"noopener\">Fischereiverband Oberbayern e.V.<\/a><\/p>\n<p><a href=\"https:\/\/www.lfl.bayern.de\/cms07\/ifi\/index.php\" target=\"_blank\" rel=\"noopener\">Bayerische Landesanstalt f\u00fcr Landwirtschaft<\/a><\/p>\n<p><a href=\"https:\/\/fischerpruefung-online.bayern.de\" target=\"_blank\" rel=\"noopener\">Informationen &amp; Anmeldung zur Fischerpr\u00fcfung<\/a><\/p>\n<p><a href=\"http:\/\/www.kiesle.de\/entree.htm\">Fischzucht Kiesle<\/a><\/p>\n<p>&nbsp;<\/p>\n<h3>Shops:<\/h3>\n<p><a href=\"http:\/\/angel-maier.de\">Angelger\u00e4te Maier<\/a><\/p>\n<p><a href=\"https:\/\/www.fishermans-partner.eu\/\" target=\"_blank\" rel=\"noopener\">Fisherman&#8217;s Partner<\/a><\/p>\n<p><a href=\"https:\/\/www.angelsport.de\" target=\"_blank\" rel=\"noopener\">Askari Angelshop<\/a><\/p>\n","protected":false},"excerpt":{"rendered":"<p>N\u00fctzliches \/ Interessantes: Wirtshaus &#8222;Zum Kramer&#8220; K&amp;F Getr\u00e4nkefachhandel Metzgerei Franz Leichtle Betriebssportverein Flughafen M\u00fcnchen &#8211; Sparte Fischen Landesfischereiverband Bayern e.V. Fischereiverband Oberbayern e.V. Bayerische Landesanstalt f\u00fcr Landwirtschaft Informationen &amp; Anmeldung zur Fischerpr\u00fcfung Fischzucht Kiesle &nbsp; Shops: Angelger\u00e4te Maier Fisherman&#8217;s Partner Askari Angelshop<\/p>\n","protected":false},"author":3,"featured_media":0,"parent":198,"menu_order":2,"comment_status":"closed","ping_status":"closed","template":"","meta":{"footnotes":""},"class_list":["post-264","page","type-page","status-publish","hentry"],"_links":{"self":[{"href":"https:\/\/fischerfreunde-hg.de\/wordpress\/wp-json\/wp\/v2\/pages\/264","targetHints":{"allow":["GET"]}}],"collection":[{"href":"https:\/\/fischerfreunde-hg.de\/wordpress\/wp-json\/wp\/v2\/pages"}],"about":[{"href":"https:\/\/fischerfreunde-hg.de\/wordpress\/wp-json\/wp\/v2\/types\/page"}],"author":[{"embeddable":true,"href":"https:\/\/fischerfreunde-hg.de\/wordpress\/wp-json\/wp\/v2\/users\/3"}],"replies":[{"embeddable":true,"href":"https:\/\/fischerfreunde-hg.de\/wordpress\/wp-json\/wp\/v2\/comments?post=264"}],"version-history":[{"count":7,"href":"https:\/\/fischerfreunde-hg.de\/wordpress\/wp-json\/wp\/v2\/pages\/264\/revisions"}],"predecessor-version":[{"id":405,"href":"https:\/\/fischerfreunde-hg.de\/wordpress\/wp-json\/wp\/v2\/pages\/264\/revisions\/405"}],"up":[{"embeddable":true,"href":"https:\/\/fischerfreunde-hg.de\/wordpress\/wp-json\/wp\/v2\/pages\/198"}],"wp:attachment":[{"href":"https:\/\/fischerfreunde-hg.de\/wordpress\/wp-json\/wp\/v2\/media?parent=264"}],"curies":[{"name":"wp","href":"https:\/\/api.w.org\/{rel}","templated":true}]}}