{"id":474,"date":"2020-09-18T21:16:34","date_gmt":"2020-09-18T19:16:34","guid":{"rendered":"http:\/\/fischerfreunde-hg.de\/wordpress\/?page_id=474"},"modified":"2025-01-06T20:18:58","modified_gmt":"2025-01-06T19:18:58","slug":"haeufige-fragen","status":"publish","type":"page","link":"https:\/\/fischerfreunde-hg.de\/wordpress\/haeufige-fragen\/","title":{"rendered":"H\u00e4ufige Fragen"},"content":{"rendered":"<div class=\"wpb-content-wrapper\">[vc_row][vc_column][vc_toggle title=&#8220;Wie kann ich Mitglied bei den Fischerfreunden Hallbergmoos-Goldach e.V. werden?&#8220; css=&#8220;&#8220;]Jede B\u00fcrgerin\/jeder B\u00fcrger aus der Gemeinde Hallbergmoos kann den Fischerfreunde Hallbergmoos-Goldach beitreten. Dazu muss ein komplett ausgef\u00fcllter und unterschriebener Mitgliedsantrag abgegeben werden. Der Mitgliedsantrag ist entweder \u00fcber die Homepage oder beim Schriftf\u00fchrer erh\u00e4ltlich. Bei der n\u00e4chsten Vorstandssitzung wird eine Aufnahme oder Ablehnung des Antrages von den Vorstandsmitgliedern beschlossen &#8211; der Antragsteller wird schriftlich per Brief oder per E-Mail vom Schriftf\u00fchrer \u00fcber den Beschluss benachrichtigt.<\/p>\n<p><a href=\"https:\/\/fischerfreunde-hg.de\/wordpress\/verein\/mitgliedschaft\/\" rel=\"noopener\">Mehr Informationen im Bereich &#8222;Mitgliedschaft&#8220;<\/a>[\/vc_toggle][vc_toggle title=&#8220;Wie kann ich ein aktives Mitglied werden?&#8220;]Voraussetzung ist die Vorlage eines g\u00fcltigen Fischereischein (beh\u00f6rdlich ausgestellt im Freistaat Bayern) beim Schriftf\u00fchrer. Des weiteren ist die Abnahme einer Jahreskarte (Fang-Buch) notwendig. Diese wird bei der Jahreshauptversammlung ausgegeben oder\u00a0 kann auch zu einen sp\u00e4teren Zeitpunkt beim Schriftf\u00fchrer beantragt werden.[\/vc_toggle][vc_toggle title=&#8220;K\u00f6nnen auch nicht ortsans\u00e4ssige B\u00fcrger (nicht in der Gemeinde Hallbergmoos gemeldet) Mitglied werden?&#8220;]Das ist nur in Ausnahmef\u00e4llen m\u00f6glich. Es muss ein Mitgliedsantrag ausgef\u00fcllt, unterschrieben und bei einem Vorstandsmitglied abgegeben werden. Bei der n\u00e4chsten Vorstandssitzung wird eine Aufnahme oder Ablehnung des Antrages von den Vorstandsmitgliedern beschlossen. Der Antragsteller wird schriftlich per Brief oder per E-Mail vom Schriftf\u00fchrer \u00fcber den Beschluss benachrichtigt.[\/vc_toggle][vc_toggle title=&#8220;Werden Jugendliche im Verein aufgenommen?&#8220; css=&#8220;&#8220;]Jugendliche d\u00fcrfen ab dem 10. Lebensjahr dem Verein beitreten. Dazu muss ein komplett ausgef\u00fcllter und von den Erziehungsberechtigten unterschriebener Mitgliedsantrag (Jugend) beim Schriftf\u00fchrer abgegeben werden. Bei der n\u00e4chsten Vorstandssitzung wird eine Aufnahme oder Ablehnung des Antrages von den Vorstandsmitgliedern beschlossen &#8211; der Antragsteller wird schriftlich per Brief oder per E-Mail vom Schriftf\u00fchrer \u00fcber den Beschluss benachrichtigt.<\/p>\n<p><a href=\"https:\/\/fischerfreunde-hg.de\/wordpress\/verein\/mitgliedschaft\/\" rel=\"noopener\">Mehr Informationen im Bereich &#8222;Mitgliedschaft&#8220;<\/a>[\/vc_toggle][vc_toggle title=&#8220;Wann sind Jugendliche zur Fischerei berechtigt?&#8220; css=&#8220;&#8220;]Voraussetzung zum aktiven Fischen ist ein g\u00fcltiger Fischereierlaubnisschein f\u00fcr Jugendliche (Tageskarte oder Jahreskarte\/Fang-Buch). Die Jahreskarte muss beim Schriftf\u00fchrer beantragt werden.<\/p>\n<p>Jugendliche ohne staatliche Fischerpr\u00fcfung d\u00fcrfen bis zum 18. Lebensjahr nicht ohne Begleitung eines Erwachsenen, der im Besitz eines g\u00fcltigen Fischereierlaubnisscheines der Fischerfreunde Hallbergmoos-Goldach ist, an den Vereinsgew\u00e4ssern die Fischerei aus\u00fcben.<\/p>\n<p>Ab dem 14. Lebensjahr kann der\/die Jugendliche mit Bestehen der staatlichen Fischerpr\u00fcfung den ordentlichen Fischereischein (auf Lebenszeit) bei der Gemeinde Hallbergmoos beantragen. Mit Erhalt des ordentlichen Fischereischeins (auf Lebenszeit) sind Jugendliche bei den Fischerfreunden Hallbergmoos-Goldach zur selbstst\u00e4ndigen Aus\u00fcbung der Fischerei berechtigt, jedoch nicht zur Aufsicht anderer Jugendlicher.[\/vc_toggle][vc_toggle title=&#8220;Gibt es Tageskarten und wo sind diese erh\u00e4ltlich?&#8220;]Tageskarten f\u00fcr den Gutbrodweiher sind nur f\u00fcr Vereinsmitglieder und deren G\u00e4ste gegen Vorlage eines g\u00fcltigen Fischereischeins erh\u00e4ltlich bei:<\/p>\n<p>Wirtshaus &#8222;Zum Kramer&#8220; (Theresienstra\u00dfe 2, 85399 Hallbergmoos)<\/p>\n<p>Die Tageskarten sind bei Erhalt vor Ort (inklusive 10 \u20ac Pfand) zu bezahlen und mit Datum und Namen zu versehen. Nach dem Fischen ist die Tageskarte ausgef\u00fcllt und unterschrieben wieder abzugeben und der hinterlegte Pfand wird wieder ausgezahlt.[\/vc_toggle][vc_toggle title=&#8220;Sind Mitglieder zu Arbeitsdiensten verpflichtet?&#8220;]Aktive Mitglieder zwischen 18 und 65 Jahren m\u00fcssen 12 Stunden Arbeitsdienst pro Jahr leisten. Bei Nichterf\u00fcllung werden 10 \u20ac pro nicht geleistete Stunde am Jahresende eingezogen. Die Teilnahme beim allj\u00e4hrlichen Fischerfest ist Ehrensache f\u00fcr jedes Mitglied und z\u00e4hlt nicht als Arbeitseinsatz.[\/vc_toggle][vc_toggle title=&#8220;Wird bei den Fischerfreunden Hallbergmoos-Goldach ein Vorbereitungskurs f\u00fcr die Fischerpr\u00fcfung angeboten?&#8220;]Die Fischerfreunde Hallbergmoos-Goldach bieten keine Vorbereitungskurse f\u00fcr die Fischerpr\u00fcfung an.<\/p>\n<p>Detaillierte Informationen und Kursangebote findet man jedoch auf den folgenden Seiten:<\/p>\n<p><a href=\"https:\/\/fischerpruefung-online.bayern.de\/\">Fischerpr\u00fcfung-Online (Bayerischen Landesanstalt f\u00fcr Landwirtschaft)<\/a><\/p>\n<p><a href=\"https:\/\/www.lfl.bayern.de\/cms07\/ifi\/fischerpruefung\/index.php\">Staatliche Fischerpr\u00fcfung (Institut f\u00fcr Fischerei bei der Bayerischen Landesanstalt f\u00fcr Landwirtschaft)<\/a><\/p>\n<p><a href=\"https:\/\/lfvbayern.de\/fischen\/angelfischerei\/fischerpruefung?cli_action=1600802373.331\">Fischerpr\u00fcfung (Landesfischereiverband Bayern e.V.)<\/a>[\/vc_toggle][\/vc_column][\/vc_row]\n<\/div>","protected":false},"excerpt":{"rendered":"<p>[vc_row][vc_column][vc_toggle title=&#8220;Wie kann ich Mitglied bei den Fischerfreunden Hallbergmoos-Goldach e.V. werden?&#8220; css=&#8220;&#8220;]Jede B\u00fcrgerin\/jeder B\u00fcrger aus der Gemeinde Hallbergmoos kann den Fischerfreunde Hallbergmoos-Goldach beitreten. Dazu muss ein komplett ausgef\u00fcllter und unterschriebener Mitgliedsantrag abgegeben werden. Der Mitgliedsantrag ist entweder \u00fcber die Homepage oder beim Schriftf\u00fchrer erh\u00e4ltlich. Bei der n\u00e4chsten Vorstandssitzung wird eine Aufnahme oder Ablehnung des Antrages [&hellip;]<\/p>\n","protected":false},"author":3,"featured_media":0,"parent":0,"menu_order":6,"comment_status":"closed","ping_status":"closed","template":"","meta":{"footnotes":""},"class_list":["post-474","page","type-page","status-publish","hentry"],"_links":{"self":[{"href":"https:\/\/fischerfreunde-hg.de\/wordpress\/wp-json\/wp\/v2\/pages\/474","targetHints":{"allow":["GET"]}}],"collection":[{"href":"https:\/\/fischerfreunde-hg.de\/wordpress\/wp-json\/wp\/v2\/pages"}],"about":[{"href":"https:\/\/fischerfreunde-hg.de\/wordpress\/wp-json\/wp\/v2\/types\/page"}],"author":[{"embeddable":true,"href":"https:\/\/fischerfreunde-hg.de\/wordpress\/wp-json\/wp\/v2\/users\/3"}],"replies":[{"embeddable":true,"href":"https:\/\/fischerfreunde-hg.de\/wordpress\/wp-json\/wp\/v2\/comments?post=474"}],"version-history":[{"count":12,"href":"https:\/\/fischerfreunde-hg.de\/wordpress\/wp-json\/wp\/v2\/pages\/474\/revisions"}],"predecessor-version":[{"id":748,"href":"https:\/\/fischerfreunde-hg.de\/wordpress\/wp-json\/wp\/v2\/pages\/474\/revisions\/748"}],"wp:attachment":[{"href":"https:\/\/fischerfreunde-hg.de\/wordpress\/wp-json\/wp\/v2\/media?parent=474"}],"curies":[{"name":"wp","href":"https:\/\/api.w.org\/{rel}","templated":true}]}}